{"id":46,"date":"2025-11-06T21:41:01","date_gmt":"2025-11-06T20:41:01","guid":{"rendered":"https:\/\/bladkowo20a.com\/o-nas\/"},"modified":"2025-11-13T18:13:53","modified_gmt":"2025-11-13T17:13:53","slug":"o-nas","status":"publish","type":"page","link":"https:\/\/bladkowo20a.com\/en\/o-nas\/","title":{"rendered":"About Us"},"content":{"rendered":"<div class=\"wp-block-group alignfull has-background-background-color has-background has-global-padding is-layout-constrained wp-container-core-group-is-layout-7276a2bb wp-block-group-is-layout-constrained\" id=\"o-nas\" style=\"margin-top:0;margin-bottom:0;padding-top:var(--wp--preset--spacing--60);padding-right:var(--wp--preset--spacing--30);padding-bottom:var(--wp--preset--spacing--60);padding-left:var(--wp--preset--spacing--30)\">\n<div class=\"wp-block-columns alignwide are-vertically-aligned-center is-layout-flex wp-container-core-columns-is-layout-47c06fe3 wp-block-columns-is-layout-flex\">\n<div class=\"wp-block-column is-vertically-aligned-center is-layout-flow wp-container-core-column-is-layout-f5bb311e wp-block-column-is-layout-flow\" style=\"flex-basis:50%\">\n<div class=\"wp-block-group has-global-padding is-layout-constrained wp-container-core-group-is-layout-279e0ccb wp-block-group-is-layout-constrained\">\n<figure class=\"wp-block-image size-full has-custom-border\"><img loading=\"lazy\" decoding=\"async\" width=\"921\" height=\"967\" src=\"https:\/\/bladkowo20a.com\/wp-content\/uploads\/2025\/11\/Jakuzi8.jpg\" alt=\"\" class=\"wp-image-148\" style=\"border-radius:20rem;aspect-ratio:3\/4;object-fit:cover\" srcset=\"https:\/\/bladkowo20a.com\/wp-content\/uploads\/2025\/11\/Jakuzi8.jpg 921w, https:\/\/bladkowo20a.com\/wp-content\/uploads\/2025\/11\/Jakuzi8-286x300.jpg 286w, https:\/\/bladkowo20a.com\/wp-content\/uploads\/2025\/11\/Jakuzi8-768x806.jpg 768w\" sizes=\"auto, (max-width: 921px) 100vw, 921px\" \/><\/figure>\n<\/div>\n<\/div>\n\n\n\n<div class=\"wp-block-column is-vertically-aligned-center is-layout-flow wp-block-column-is-layout-flow\" style=\"flex-basis:60%\">\n<h2 class=\"wp-block-heading has-large-font-size\"><strong>Relax in a Unique Place \u2013 Agrotourism B\u0142\u0105dkowo 20A - <mark style=\"background-color:rgba(0, 0, 0, 0)\" class=\"has-inline-color has-secondary-color\">A Private House, All for You<\/mark><\/strong><\/h2>\n\n\n\n<p style=\"margin-top:16px\"><mark style=\"background-color:rgba(0, 0, 0, 0)\" class=\"has-inline-color has-secondary-color\">Agrotourism B\u0142\u0105dkowo 20A <\/mark>This is a place where comfort meets nature. Our mission is to provide guests with peace and relaxation in a cozy cottage with a garden, jacuzzi, swimming pool, terrace, and garden. We focus on authenticity, closeness to nature, and hospitality, creating unforgettable moments that invite you to return.<\/p>\n<\/div>\n<\/div>\n<\/div>\n\n\n\n<div class=\"wp-block-group alignfull has-background-background-color has-background has-global-padding is-layout-constrained wp-container-core-group-is-layout-7276a2bb wp-block-group-is-layout-constrained\" style=\"margin-top:0;margin-bottom:0;padding-top:var(--wp--preset--spacing--60);padding-right:var(--wp--preset--spacing--30);padding-bottom:var(--wp--preset--spacing--60);padding-left:var(--wp--preset--spacing--30)\">\n<div class=\"wp-block-columns alignwide is-layout-flex wp-container-core-columns-is-layout-47c06fe3 wp-block-columns-is-layout-flex\">\n<div class=\"wp-block-column is-layout-flow wp-container-core-column-is-layout-119bc444 wp-block-column-is-layout-flow\" style=\"flex-basis:60%\">\n<h2 class=\"wp-block-heading\"><mark style=\"background-color:rgba(0, 0, 0, 0);color:#ffffff\" class=\"has-inline-color\">Learn More About Us<\/mark><\/h2>\n\n\n\n<div class=\"wp-block-group is-vertical is-layout-flex wp-container-core-group-is-layout-fe9cc265 wp-block-group-is-layout-flex\">\n<p class=\"has-text-align-left has-medium-font-size\" style=\"margin-top:16px\">We are a family that truly appreciates the beauty of nature and the close connection with it. Our small, picturesque village of B\u0142\u0105dkowo... <mark style=\"background-color:rgba(0, 0, 0, 0)\" class=\"has-inline-color has-secondary-color\">Located just an hour\u2019s drive from \u0141uk\u0119cin, by the sea<\/mark>It is a place we have fallen in love with for its tranquility, spaciousness, and harmony with the surroundings. We love animals, and living among them brings us joy and a sense of fulfillment.<\/p>\n\n\n\n<p class=\"has-text-align-left\">In the previous term, I had the honor of serving as the village head, caring for the well-being of our community and the growth of our village. As a host, I warmly invite you to our little paradise, where I will take care of you, our guests.<\/p>\n\n\n\n<p class=\"has-text-align-left\">On our farm, you\u2019ll find the very best of nature \u2013 delicious honey from our own apiary, fresh free-range eggs, and fruits and vegetables from our garden. Among the animals, there are also ducks and geese, and from our friendly neighbors, you can buy fresh milk straight from the cow.<\/p>\n\n\n\n<p class=\"has-text-align-left\">We warmly invite you to spend unforgettable time with us, in harmony with nature!<\/p>\n\n\n\n<p class=\"has-text-align-left has-medium-font-size\" style=\"margin-top:16px\">We warmly invite you,<br>Miros\u0142aw Pertkiewicz<\/p>\n<\/div>\n\n\n\n<div class=\"wp-block-buttons is-content-justification-left is-layout-flex wp-container-core-buttons-is-layout-fc4fd283 wp-block-buttons-is-layout-flex\">\n<div class=\"wp-block-button is-style-fill\"><a class=\"wp-block-button__link wp-element-button\" href=\"https:\/\/bladkowo20a.com\/en\/kontakt\/\">Our Offer<\/a><\/div>\n<\/div>\n<\/div>\n\n\n\n<div class=\"wp-block-column is-vertically-aligned-top is-layout-flow wp-container-core-column-is-layout-f5bb311e wp-block-column-is-layout-flow\" style=\"flex-basis:50%\">\n<figure class=\"wp-block-image size-large has-custom-border\"><img loading=\"lazy\" decoding=\"async\" width=\"762\" height=\"1024\" src=\"https:\/\/bladkowo20a.com\/wp-content\/uploads\/2025\/11\/pszczoly9-1-762x1024.jpg\" alt=\"\" class=\"wp-image-156\" style=\"border-radius:1.5rem;aspect-ratio:1;object-fit:cover\" srcset=\"https:\/\/bladkowo20a.com\/wp-content\/uploads\/2025\/11\/pszczoly9-1-762x1024.jpg 762w, https:\/\/bladkowo20a.com\/wp-content\/uploads\/2025\/11\/pszczoly9-1-223x300.jpg 223w, https:\/\/bladkowo20a.com\/wp-content\/uploads\/2025\/11\/pszczoly9-1-768x1032.jpg 768w, https:\/\/bladkowo20a.com\/wp-content\/uploads\/2025\/11\/pszczoly9-1-1143x1536.jpg 1143w, https:\/\/bladkowo20a.com\/wp-content\/uploads\/2025\/11\/pszczoly9-1.jpg 1152w\" sizes=\"auto, (max-width: 762px) 100vw, 762px\" \/><\/figure>\n<\/div>\n<\/div>\n<\/div>\n\n\n\n<div class=\"wp-block-group alignfull has-tertiary-background-color has-background has-global-padding is-layout-constrained wp-container-core-group-is-layout-7276a2bb wp-block-group-is-layout-constrained\" id=\"galeria\" style=\"margin-top:0;margin-bottom:0;padding-top:var(--wp--preset--spacing--60);padding-right:var(--wp--preset--spacing--30);padding-bottom:var(--wp--preset--spacing--60);padding-left:var(--wp--preset--spacing--30)\">\n<div class=\"wp-block-group alignwide has-global-padding is-content-justification-center is-layout-constrained wp-block-group-is-layout-constrained\">\n<h4 class=\"wp-block-heading has-text-align-center has-large-font-size\"><mark style=\"background-color:rgba(0, 0, 0, 0);color:#ffffff\" class=\"has-inline-color\"><strong>We invite you to unforgettable horse rides and tractor rides<\/strong><\/mark> <mark style=\"background-color:rgba(0, 0, 0, 0);color:#ffffff\" class=\"has-inline-color\">and to experience the rural atmosphere<\/mark><\/h4>\n\n\n\n<p class=\"has-text-align-center\" style=\"margin-top:16px\">Get to know us better, where we showcase the unique charm of our agritourism home and its blessings.<\/p>\n<\/div>\n\n\n\n<div class=\"wp-block-group alignwide has-global-padding is-layout-constrained wp-block-group-is-layout-constrained\">\n<div class=\"wp-block-columns alignwide is-layout-flex wp-container-core-columns-is-layout-87beb0d0 wp-block-columns-is-layout-flex\">\n<div class=\"wp-block-column is-layout-flow wp-container-core-column-is-layout-f5bb311e wp-block-column-is-layout-flow\">\n<figure class=\"wp-block-image size-large has-custom-border ext-aspect-landscape\"><img loading=\"lazy\" decoding=\"async\" width=\"1024\" height=\"461\" src=\"https:\/\/bladkowo20a.com\/wp-content\/uploads\/2025\/11\/gesi2-1024x461.jpg\" alt=\"\" class=\"wp-image-268\" style=\"border-top-left-radius:0.5rem;border-top-right-radius:0.5rem;border-bottom-left-radius:10rem;border-bottom-right-radius:0.5rem;aspect-ratio:1;object-fit:cover\" srcset=\"https:\/\/bladkowo20a.com\/wp-content\/uploads\/2025\/11\/gesi2-1024x461.jpg 1024w, https:\/\/bladkowo20a.com\/wp-content\/uploads\/2025\/11\/gesi2-300x135.jpg 300w, https:\/\/bladkowo20a.com\/wp-content\/uploads\/2025\/11\/gesi2-768x346.jpg 768w, https:\/\/bladkowo20a.com\/wp-content\/uploads\/2025\/11\/gesi2-1536x692.jpg 1536w, https:\/\/bladkowo20a.com\/wp-content\/uploads\/2025\/11\/gesi2-2048x922.jpg 2048w, https:\/\/bladkowo20a.com\/wp-content\/uploads\/2025\/11\/gesi2-18x8.jpg 18w\" sizes=\"auto, (max-width: 1024px) 100vw, 1024px\" \/><\/figure>\n\n\n\n<figure class=\"wp-block-image size-large has-custom-border ext-aspect-landscape\"><img loading=\"lazy\" decoding=\"async\" width=\"461\" height=\"1024\" src=\"https:\/\/bladkowo20a.com\/wp-content\/uploads\/2025\/11\/kiury5-461x1024.jpg\" alt=\"\" class=\"wp-image-269\" style=\"border-top-left-radius:10rem;border-top-right-radius:0.5rem;border-bottom-left-radius:0.5rem;border-bottom-right-radius:0.5rem;aspect-ratio:1;object-fit:cover\" srcset=\"https:\/\/bladkowo20a.com\/wp-content\/uploads\/2025\/11\/kiury5-461x1024.jpg 461w, https:\/\/bladkowo20a.com\/wp-content\/uploads\/2025\/11\/kiury5-135x300.jpg 135w, https:\/\/bladkowo20a.com\/wp-content\/uploads\/2025\/11\/kiury5-768x1705.jpg 768w, https:\/\/bladkowo20a.com\/wp-content\/uploads\/2025\/11\/kiury5-692x1536.jpg 692w, https:\/\/bladkowo20a.com\/wp-content\/uploads\/2025\/11\/kiury5-922x2048.jpg 922w, https:\/\/bladkowo20a.com\/wp-content\/uploads\/2025\/11\/kiury5-5x12.jpg 5w, https:\/\/bladkowo20a.com\/wp-content\/uploads\/2025\/11\/kiury5-scaled.jpg 1153w\" sizes=\"auto, (max-width: 461px) 100vw, 461px\" \/><\/figure>\n\n\n\n<figure class=\"wp-block-image size-large has-custom-border ext-aspect-landscape\"><img loading=\"lazy\" decoding=\"async\" width=\"1024\" height=\"461\" src=\"https:\/\/bladkowo20a.com\/wp-content\/uploads\/2025\/11\/pomidory-1024x461.jpg\" alt=\"\" class=\"wp-image-270\" style=\"border-top-left-radius:10rem;border-top-right-radius:0.5rem;border-bottom-left-radius:0.5rem;border-bottom-right-radius:0.5rem;aspect-ratio:1;object-fit:cover\" srcset=\"https:\/\/bladkowo20a.com\/wp-content\/uploads\/2025\/11\/pomidory-1024x461.jpg 1024w, https:\/\/bladkowo20a.com\/wp-content\/uploads\/2025\/11\/pomidory-300x135.jpg 300w, https:\/\/bladkowo20a.com\/wp-content\/uploads\/2025\/11\/pomidory-768x346.jpg 768w, https:\/\/bladkowo20a.com\/wp-content\/uploads\/2025\/11\/pomidory-1536x691.jpg 1536w, https:\/\/bladkowo20a.com\/wp-content\/uploads\/2025\/11\/pomidory-2048x922.jpg 2048w, https:\/\/bladkowo20a.com\/wp-content\/uploads\/2025\/11\/pomidory-18x8.jpg 18w\" sizes=\"auto, (max-width: 1024px) 100vw, 1024px\" \/><\/figure>\n<\/div>\n\n\n\n<div class=\"wp-block-column is-layout-flow wp-container-core-column-is-layout-f5bb311e wp-block-column-is-layout-flow\">\n<figure class=\"wp-block-image size-full has-custom-border ext-aspect-landscape\"><img loading=\"lazy\" decoding=\"async\" width=\"528\" height=\"443\" src=\"https:\/\/bladkowo20a.com\/wp-content\/uploads\/2025\/11\/20210523_225338.jpg\" alt=\"\" class=\"wp-image-137\" style=\"border-radius:20rem;aspect-ratio:1;object-fit:cover\" srcset=\"https:\/\/bladkowo20a.com\/wp-content\/uploads\/2025\/11\/20210523_225338.jpg 528w, https:\/\/bladkowo20a.com\/wp-content\/uploads\/2025\/11\/20210523_225338-300x252.jpg 300w\" sizes=\"auto, (max-width: 528px) 100vw, 528px\" \/><\/figure>\n\n\n\n<figure class=\"wp-block-image size-large has-custom-border ext-aspect-landscape\"><img loading=\"lazy\" decoding=\"async\" width=\"1024\" height=\"716\" src=\"https:\/\/bladkowo20a.com\/wp-content\/uploads\/2025\/11\/20220712_141716-1024x716.jpg\" alt=\"\" class=\"wp-image-138\" style=\"border-top-left-radius:0rem;border-top-right-radius:20rem;border-bottom-left-radius:20rem;border-bottom-right-radius:20rem;aspect-ratio:1;object-fit:cover\" srcset=\"https:\/\/bladkowo20a.com\/wp-content\/uploads\/2025\/11\/20220712_141716-1024x716.jpg 1024w, https:\/\/bladkowo20a.com\/wp-content\/uploads\/2025\/11\/20220712_141716-300x210.jpg 300w, https:\/\/bladkowo20a.com\/wp-content\/uploads\/2025\/11\/20220712_141716-768x537.jpg 768w, https:\/\/bladkowo20a.com\/wp-content\/uploads\/2025\/11\/20220712_141716-1536x1074.jpg 1536w, https:\/\/bladkowo20a.com\/wp-content\/uploads\/2025\/11\/20220712_141716.jpg 1816w\" sizes=\"auto, (max-width: 1024px) 100vw, 1024px\" \/><\/figure>\n\n\n\n<figure class=\"wp-block-image size-large has-custom-border ext-aspect-landscape\"><img loading=\"lazy\" decoding=\"async\" width=\"461\" height=\"1024\" src=\"https:\/\/bladkowo20a.com\/wp-content\/uploads\/2025\/11\/mio0d2-461x1024.jpg\" alt=\"\" class=\"wp-image-271\" style=\"border-top-left-radius:0rem;border-top-right-radius:20rem;border-bottom-left-radius:20rem;border-bottom-right-radius:20rem;aspect-ratio:1;object-fit:cover\" srcset=\"https:\/\/bladkowo20a.com\/wp-content\/uploads\/2025\/11\/mio0d2-461x1024.jpg 461w, https:\/\/bladkowo20a.com\/wp-content\/uploads\/2025\/11\/mio0d2-135x300.jpg 135w, https:\/\/bladkowo20a.com\/wp-content\/uploads\/2025\/11\/mio0d2-768x1705.jpg 768w, https:\/\/bladkowo20a.com\/wp-content\/uploads\/2025\/11\/mio0d2-692x1536.jpg 692w, https:\/\/bladkowo20a.com\/wp-content\/uploads\/2025\/11\/mio0d2-922x2048.jpg 922w, https:\/\/bladkowo20a.com\/wp-content\/uploads\/2025\/11\/mio0d2-5x12.jpg 5w, https:\/\/bladkowo20a.com\/wp-content\/uploads\/2025\/11\/mio0d2-scaled.jpg 1153w\" sizes=\"auto, (max-width: 461px) 100vw, 461px\" \/><\/figure>\n<\/div>\n\n\n\n<div class=\"wp-block-column is-layout-flow wp-container-core-column-is-layout-f5bb311e wp-block-column-is-layout-flow\">\n<figure class=\"wp-block-image size-large has-custom-border ext-aspect-landscape\"><img loading=\"lazy\" decoding=\"async\" width=\"762\" height=\"1024\" src=\"https:\/\/bladkowo20a.com\/wp-content\/uploads\/2025\/11\/pszczoly13-762x1024.jpg\" alt=\"\" class=\"wp-image-151\" style=\"border-top-left-radius:1rem;border-top-right-radius:20rem;border-bottom-left-radius:1rem;border-bottom-right-radius:20rem;aspect-ratio:1;object-fit:cover\" srcset=\"https:\/\/bladkowo20a.com\/wp-content\/uploads\/2025\/11\/pszczoly13-762x1024.jpg 762w, https:\/\/bladkowo20a.com\/wp-content\/uploads\/2025\/11\/pszczoly13-223x300.jpg 223w, https:\/\/bladkowo20a.com\/wp-content\/uploads\/2025\/11\/pszczoly13-768x1032.jpg 768w, https:\/\/bladkowo20a.com\/wp-content\/uploads\/2025\/11\/pszczoly13.jpg 1072w\" sizes=\"auto, (max-width: 762px) 100vw, 762px\" \/><\/figure>\n\n\n\n<figure class=\"wp-block-image size-large has-custom-border ext-aspect-landscape\"><img loading=\"lazy\" decoding=\"async\" width=\"461\" height=\"1024\" src=\"https:\/\/bladkowo20a.com\/wp-content\/uploads\/2025\/11\/pszczoly10-461x1024.jpg\" alt=\"\" class=\"wp-image-154\" style=\"border-top-left-radius:20rem;border-top-right-radius:20rem;border-bottom-left-radius:20rem;border-bottom-right-radius:0rem;aspect-ratio:1;object-fit:cover\" srcset=\"https:\/\/bladkowo20a.com\/wp-content\/uploads\/2025\/11\/pszczoly10-461x1024.jpg 461w, https:\/\/bladkowo20a.com\/wp-content\/uploads\/2025\/11\/pszczoly10-135x300.jpg 135w, https:\/\/bladkowo20a.com\/wp-content\/uploads\/2025\/11\/pszczoly10-768x1707.jpg 768w, https:\/\/bladkowo20a.com\/wp-content\/uploads\/2025\/11\/pszczoly10-691x1536.jpg 691w, https:\/\/bladkowo20a.com\/wp-content\/uploads\/2025\/11\/pszczoly10.jpg 900w\" sizes=\"auto, (max-width: 461px) 100vw, 461px\" \/><\/figure>\n\n\n\n<figure class=\"wp-block-image size-large has-custom-border ext-aspect-landscape\"><img loading=\"lazy\" decoding=\"async\" width=\"1024\" height=\"461\" src=\"https:\/\/bladkowo20a.com\/wp-content\/uploads\/2025\/11\/ogrod3-1024x461.jpg\" alt=\"\" class=\"wp-image-273\" style=\"border-top-left-radius:20rem;border-top-right-radius:20rem;border-bottom-left-radius:20rem;border-bottom-right-radius:0rem;aspect-ratio:1;object-fit:cover\" srcset=\"https:\/\/bladkowo20a.com\/wp-content\/uploads\/2025\/11\/ogrod3-1024x461.jpg 1024w, https:\/\/bladkowo20a.com\/wp-content\/uploads\/2025\/11\/ogrod3-300x135.jpg 300w, https:\/\/bladkowo20a.com\/wp-content\/uploads\/2025\/11\/ogrod3-768x346.jpg 768w, https:\/\/bladkowo20a.com\/wp-content\/uploads\/2025\/11\/ogrod3-1536x692.jpg 1536w, https:\/\/bladkowo20a.com\/wp-content\/uploads\/2025\/11\/ogrod3-2048x922.jpg 2048w, https:\/\/bladkowo20a.com\/wp-content\/uploads\/2025\/11\/ogrod3-18x8.jpg 18w\" sizes=\"auto, (max-width: 1024px) 100vw, 1024px\" \/><\/figure>\n<\/div>\n<\/div>\n<\/div>\n<\/div>","protected":false},"excerpt":{"rendered":"<p>Zrelaksuj si\u0119 w wyj\u0105tkowym miejscu &#8211; Agroturystyka B\u0142\u0105dkowo 20A &#8211; dom na wy\u0142\u0105czno\u015b\u0107, ca\u0142y dla Ciebie Agroturystyka B\u0142\u0105dkowo 20A to miejsce, gdzie komfort \u0142\u0105czy si\u0119 z natur\u0105. Nasza misja to zapewnienie go\u015bciom spokoju i wytchnienia w przytulnym domku z ogrodem, jacuzzi, basenem oraz tarasem i ogrodem. Stawiamy na autentyczno\u015b\u0107, blisko\u015b\u0107 natury oraz go\u015bcinno\u015b\u0107, kt\u00f3re tworz\u0105 [&hellip;]<\/p>","protected":false},"author":1,"featured_media":0,"parent":0,"menu_order":0,"comment_status":"closed","ping_status":"closed","template":"page-with-title","meta":{"footnotes":""},"class_list":["post-46","page","type-page","status-publish","hentry"],"aioseo_notices":[],"_links":{"self":[{"href":"https:\/\/bladkowo20a.com\/en\/wp-json\/wp\/v2\/pages\/46","targetHints":{"allow":["GET"]}}],"collection":[{"href":"https:\/\/bladkowo20a.com\/en\/wp-json\/wp\/v2\/pages"}],"about":[{"href":"https:\/\/bladkowo20a.com\/en\/wp-json\/wp\/v2\/types\/page"}],"author":[{"embeddable":true,"href":"https:\/\/bladkowo20a.com\/en\/wp-json\/wp\/v2\/users\/1"}],"replies":[{"embeddable":true,"href":"https:\/\/bladkowo20a.com\/en\/wp-json\/wp\/v2\/comments?post=46"}],"version-history":[{"count":7,"href":"https:\/\/bladkowo20a.com\/en\/wp-json\/wp\/v2\/pages\/46\/revisions"}],"predecessor-version":[{"id":274,"href":"https:\/\/bladkowo20a.com\/en\/wp-json\/wp\/v2\/pages\/46\/revisions\/274"}],"wp:attachment":[{"href":"https:\/\/bladkowo20a.com\/en\/wp-json\/wp\/v2\/media?parent=46"}],"curies":[{"name":"wp","href":"https:\/\/api.w.org\/{rel}","templated":true}]}}