{"id":43,"date":"2025-11-06T21:41:00","date_gmt":"2025-11-06T20:41:00","guid":{"rendered":"https:\/\/bladkowo20a.com\/kontakt\/"},"modified":"2025-11-14T14:50:21","modified_gmt":"2025-11-14T13:50:21","slug":"kontakt","status":"publish","type":"page","link":"https:\/\/bladkowo20a.com\/en\/kontakt\/","title":{"rendered":"Contact"},"content":{"rendered":"<div class=\"wp-block-group alignfull has-background-background-color has-background has-global-padding is-layout-constrained wp-container-core-group-is-layout-2bc1b312 wp-block-group-is-layout-constrained\" id=\"kontakt\" style=\"margin-top:0;margin-bottom:0;padding-top:var(--wp--preset--spacing--60);padding-bottom:var(--wp--preset--spacing--60)\">\n<div class=\"wp-block-group has-global-padding is-layout-constrained wp-block-group-is-layout-constrained\">\n<h6 class=\"wp-block-heading has-text-align-center has-large-font-size\"><strong><mark style=\"background-color:rgba(0, 0, 0, 0);color:#a57d0e\" class=\"has-inline-color\">A getaway in the heart of nature.<\/mark><\/strong><\/h6>\n\n\n\n<p class=\"has-text-align-center\" style=\"margin-top:16px\">Find our address, phone number, and email here to get in touch with us quickly.<\/p>\n<\/div>\n<\/div>\n\n\n\n<div class=\"wp-block-group alignfull has-tertiary-background-color has-background has-global-padding is-layout-constrained wp-container-core-group-is-layout-254d6575 wp-block-group-is-layout-constrained\" style=\"margin-top:0;margin-bottom:0;padding-top:var(--wp--preset--spacing--60);padding-right:var(--wp--preset--spacing--30);padding-bottom:var(--wp--preset--spacing--60);padding-left:var(--wp--preset--spacing--30)\">\n<div class=\"wp-block-columns alignwide is-layout-flex wp-container-core-columns-is-layout-28f84493 wp-block-columns-is-layout-flex\">\n<div class=\"wp-block-column is-vertically-aligned-stretch is-layout-flow wp-block-column-is-layout-flow\">\n<div class=\"wp-block-group has-background-background-color has-background is-vertical is-layout-flex wp-container-core-group-is-layout-28c5d5b3 wp-block-group-is-layout-flex\" style=\"border-top-left-radius:0.5rem;border-top-right-radius:6rem;border-bottom-left-radius:5rem;border-bottom-right-radius:0.5rem;min-height:100%;padding-top:var(--wp--preset--spacing--40);padding-right:var(--wp--preset--spacing--40);padding-bottom:var(--wp--preset--spacing--40);padding-left:var(--wp--preset--spacing--40)\">\n<p class=\"has-medium-font-size\" style=\"margin-bottom:var(--wp--preset--spacing--20);font-style:normal;font-weight:400\">Contact us to book your stay at Agrotourism B\u0142\u0105dkowo 20A<\/p>\n\n\n\n<div class=\"wp-block-columns is-not-stacked-on-mobile is-layout-flex wp-container-core-columns-is-layout-6db7e666 wp-block-columns-is-layout-flex\">\n<div class=\"wp-block-column is-layout-flow wp-block-column-is-layout-flow\" style=\"padding-top:2px;flex-basis:24px\">\n<figure class=\"wp-block-image size-large wp-duotone-primary-foreground\"><img decoding=\"async\" src=\"data:image\/svg+xml;base64,PHN2ZyB4bWxucz0iaHR0cDovL3d3dy53My5vcmcvMjAwMC9zdmciIGhlaWdodD0iMjRweCIgdmlld0JveD0iMCAtOTYwIDk2MCA5NjAiIHdpZHRoPSIyNHB4IiBmaWxsPSIjMWYxZjFmIj48cGF0aCBkPSJNNDgwLTMwMXE5OS04MCAxNDkuNS0xNTRUNjgwLTU5NHEwLTkwLTU2LTE0OHQtMTQ0LTU4cS04OCAwLTE0NCA1OHQtNTYgMTQ4cTAgNjUgNTAuNSAxMzlUNDgwLTMwMVptMCAxMDFRMzM5LTMwNCAyNjkuNS00MDJUMjAwLTU5NHEwLTEyNSA3OC0yMDUuNVQ0ODAtODgwcTEyNCAwIDIwMiA4MC41VDc2MC01OTRxMCA5NC02OS41IDE5MlQ0ODAtMjAwWm0wLTMyMHEzMyAwIDU2LjUtMjMuNVQ1NjAtNjAwcTAtMzMtMjMuNS01Ni41VDQ4MC02ODBxLTMzIDAtNTYuNSAyMy41VDQwMC02MDBxMCAzMyAyMy41IDU2LjVUNDgwLTUyMFpNMjAwLTgwdi04MGg1NjB2ODBIMjAwWm0yODAtNTIwWiIvPjwvc3ZnPg==\" alt=\"\"\/><\/figure>\n<\/div>\n\n\n\n<div class=\"wp-block-column is-layout-flow wp-container-core-column-is-layout-8a368f38 wp-block-column-is-layout-flow\">\n<p class=\"has-medium-font-size\" style=\"font-style:normal;font-weight:500\">B\u0142\u0105dkowo 20A, 72-210 B\u0142\u0105dkowo<\/p>\n<\/div>\n<\/div>\n\n\n\n<div class=\"wp-block-columns are-vertically-aligned-center is-not-stacked-on-mobile is-layout-flex wp-container-core-columns-is-layout-6db7e666 wp-block-columns-is-layout-flex\">\n<div class=\"wp-block-column is-vertically-aligned-center is-layout-flow wp-block-column-is-layout-flow\" style=\"flex-basis:24px\">\n<figure class=\"wp-block-image size-large wp-duotone-primary-foreground\"><img decoding=\"async\" src=\"data:image\/svg+xml;base64,PHN2ZyB4bWxucz0iaHR0cDovL3d3dy53My5vcmcvMjAwMC9zdmciIGhlaWdodD0iMjRweCIgdmlld0JveD0iMCAtOTYwIDk2MCA5NjAiIHdpZHRoPSIyNHB4IiBmaWxsPSIjMWYxZjFmIj48cGF0aCBkPSJNNzYwLTQ4MHEwLTExNy04MS41LTE5OC41VDQ4MC03NjB2LTgwcTc1IDAgMTQwLjUgMjguNXQxMTQgNzdxNDguNSA0OC41IDc3IDExNFQ4NDAtNDgwaC04MFptLTE2MCAwcTAtNTAtMzUtODV0LTg1LTM1di04MHE4MyAwIDE0MS41IDU4LjVUNjgwLTQ4MGgtODBabTE5OCAzNjBxLTEyNSAwLTI0Ny01NC41VDMyOS0zMjlRMjI5LTQyOSAxNzQuNS01NTFUMTIwLTc5OHEwLTE4IDEyLTMwdDMwLTEyaDE2MnExNCAwIDI1IDkuNXQxMyAyMi41bDI2IDE0MHEyIDE2LTEgMjd0LTExIDE5bC05NyA5OHEyMCAzNyA0Ny41IDcxLjVUMzg3LTM4NnEzMSAzMSA2NSA1Ny41dDcyIDQ4LjVsOTQtOTRxOS05IDIzLjUtMTMuNVQ2NzAtMzkwbDEzOCAyOHExNCA0IDIzIDE0LjV0OSAyMy41djE2MnEwIDE4LTEyIDMwdC0zMCAxMlpNMjQxLTYwMGw2Ni02Ni0xNy05NGgtODlxNSA0MSAxNCA4MXQyNiA3OVptMzU4IDM1OHEzOSAxNyA3OS41IDI3dDgxLjUgMTN2LTg4bC05NC0xOS02NyA2N1pNMjQxLTYwMFptMzU4IDM1OFoiLz48L3N2Zz4=\" alt=\"\"\/><\/figure>\n<\/div>\n\n\n\n<div class=\"wp-block-column is-vertically-aligned-center is-layout-flow wp-container-core-column-is-layout-8a368f38 wp-block-column-is-layout-flow\">\n<p class=\"has-medium-font-size\" style=\"font-style:normal;font-weight:500\"><a href=\"telto:+48511043144\" title=\"\">+48 511 043 144<\/a><\/p>\n<\/div>\n<\/div>\n\n\n\n<div class=\"wp-block-columns are-vertically-aligned-center is-not-stacked-on-mobile is-layout-flex wp-container-core-columns-is-layout-6db7e666 wp-block-columns-is-layout-flex\">\n<div class=\"wp-block-column is-vertically-aligned-center is-layout-flow wp-block-column-is-layout-flow\" style=\"flex-basis:24px\">\n<figure class=\"wp-block-image size-large wp-duotone-primary-foreground\"><img decoding=\"async\" src=\"data:image\/svg+xml;base64,PHN2ZyB4bWxucz0iaHR0cDovL3d3dy53My5vcmcvMjAwMC9zdmciIGhlaWdodD0iMjRweCIgdmlld0JveD0iMCAtOTYwIDk2MCA5NjAiIHdpZHRoPSIyNHB4IiBmaWxsPSIjMWYxZjFmIj48cGF0aCBkPSJNMTYwLTE2MHEtMzMgMC01Ni41LTIzLjVUODAtMjQwdi00ODBxMC0zMyAyMy41LTU2LjVUMTYwLTgwMGg2NDBxMzMgMCA1Ni41IDIzLjVUODgwLTcyMHY0ODBxMCAzMy0yMy41IDU2LjVUODAwLTE2MEgxNjBabTMyMC0yODBMMTYwLTY0MHY0MDBoNjQwdi00MDBMNDgwLTQ0MFptMC04MCAzMjAtMjAwSDE2MGwzMjAgMjAwWk0xNjAtNjQwdi04MCA0ODAtNDAwWiIvPjwvc3ZnPg==\" alt=\"\"\/><\/figure>\n<\/div>\n\n\n\n<div class=\"wp-block-column is-vertically-aligned-center is-layout-flow wp-container-core-column-is-layout-8a368f38 wp-block-column-is-layout-flow\">\n<p class=\"has-medium-font-size\" style=\"font-style:normal;font-weight:500\"><a href=\"mailto:kontakt@bladkowo20a.com\" title=\"\">kontakt@bladkowo20a.com<\/a><\/p>\n<\/div>\n<\/div>\n\n\n\n<div class=\"wp-block-buttons is-layout-flex wp-block-buttons-is-layout-flex\"><\/div>\n<\/div>\n<\/div>\n\n\n\n<div class=\"wp-block-column is-layout-flow wp-block-column-is-layout-flow\">\n<iframe src=\"https:\/\/www.google.com\/maps\/embed?pb=!1m18!1m12!1m3!1d2367.6162837841534!2d15.235160076635433!3d53.600307972364064!2m3!1f0!2f0!3f0!3m2!1i1024!2i768!4f13.1!3m3!1m2!1s0x470093e2301572fd%3A0xed807d933da8c3e8!2sAgroturystyka%20B%C5%82%C4%85dkowo%2020A!5e0!3m2!1spl!2spl!4v1763127804361!5m2!1spl!2spl\" width=\"600\" height=\"450\" style=\"border:0;\" allowfullscreen=\"\" loading=\"lazy\" referrerpolicy=\"no-referrer-when-downgrade\"><\/iframe>\n<\/div>\n<\/div>\n<\/div>","protected":false},"excerpt":{"rendered":"<p>Wypoczynek w sercu natury Znajd\u017a tutaj nasz adres, telefon oraz e-mail, aby szybko si\u0119 z nami skontaktowa\u0107. Skontaktuj si\u0119 z nami, aby zarezerwowa\u0107 sw\u00f3j pobyt w agroturystyce B\u0142\u0105dkowo 20A. B\u0142\u0105dkowo 20A, 72-210 B\u0142\u0105dkowo +48 511 043 144 kontakt@bladkowo20a.com<\/p>","protected":false},"author":1,"featured_media":0,"parent":0,"menu_order":0,"comment_status":"closed","ping_status":"closed","template":"page-with-title","meta":{"footnotes":""},"class_list":["post-43","page","type-page","status-publish","hentry"],"aioseo_notices":[],"_links":{"self":[{"href":"https:\/\/bladkowo20a.com\/en\/wp-json\/wp\/v2\/pages\/43","targetHints":{"allow":["GET"]}}],"collection":[{"href":"https:\/\/bladkowo20a.com\/en\/wp-json\/wp\/v2\/pages"}],"about":[{"href":"https:\/\/bladkowo20a.com\/en\/wp-json\/wp\/v2\/types\/page"}],"author":[{"embeddable":true,"href":"https:\/\/bladkowo20a.com\/en\/wp-json\/wp\/v2\/users\/1"}],"replies":[{"embeddable":true,"href":"https:\/\/bladkowo20a.com\/en\/wp-json\/wp\/v2\/comments?post=43"}],"version-history":[{"count":8,"href":"https:\/\/bladkowo20a.com\/en\/wp-json\/wp\/v2\/pages\/43\/revisions"}],"predecessor-version":[{"id":318,"href":"https:\/\/bladkowo20a.com\/en\/wp-json\/wp\/v2\/pages\/43\/revisions\/318"}],"wp:attachment":[{"href":"https:\/\/bladkowo20a.com\/en\/wp-json\/wp\/v2\/media?parent=43"}],"curies":[{"name":"wp","href":"https:\/\/api.w.org\/{rel}","templated":true}]}}